{"id":598,"date":"2025-11-17T11:09:40","date_gmt":"2025-11-17T10:09:40","guid":{"rendered":"http:\/\/tevfsni.cluster100.hosting.ovh.net\/?page_id=598"},"modified":"2026-03-04T14:13:24","modified_gmt":"2026-03-04T13:13:24","slug":"publications","status":"publish","type":"page","link":"http:\/\/tevfsni.cluster100.hosting.ovh.net\/publications\/","title":{"rendered":"Publications"},"content":{"rendered":"\n<div class=\"wp-block-group alignfull has-global-padding is-layout-constrained wp-container-core-group-is-layout-faab039e wp-block-group-is-layout-constrained\" style=\"padding-top:15px;padding-bottom:15px\">\n<h1 class=\"wp-block-heading has-text-align-center has-text-color has-coco-gothic-font-family\" style=\"color:#000000;font-size:clamp(32.518px, 2.032rem + ((1vw - 3.2px) * 2.896), 58px);line-height:1.2;text-transform:uppercase\">Publications<\/h1>\n\n\n\n<hr class=\"wp-block-separator has-text-color has-alpha-channel-opacity has-background\" style=\"margin-top:10px;margin-bottom:0px;background-color:#949494;color:#949494\"\/>\n<\/div>\n\n\n\n<p class=\"has-text-align-center\"><\/p>\n\n\n\n<figure class=\"wp-block-image aligncenter size-large is-resized\"><img loading=\"lazy\" decoding=\"async\" width=\"1024\" height=\"683\" src=\"http:\/\/tevfsni.cluster100.hosting.ovh.net\/wp-content\/uploads\/2025\/11\/salon-melange-style1-1024x683.webp\" alt=\"\" class=\"wp-image-393\" style=\"width:383px;height:auto\" srcset=\"http:\/\/tevfsni.cluster100.hosting.ovh.net\/wp-content\/uploads\/2025\/11\/salon-melange-style1-1024x683.webp 1024w, http:\/\/tevfsni.cluster100.hosting.ovh.net\/wp-content\/uploads\/2025\/11\/salon-melange-style1-300x200.webp 300w, http:\/\/tevfsni.cluster100.hosting.ovh.net\/wp-content\/uploads\/2025\/11\/salon-melange-style1-768x512.webp 768w, http:\/\/tevfsni.cluster100.hosting.ovh.net\/wp-content\/uploads\/2025\/11\/salon-melange-style1-1536x1025.webp 1536w, http:\/\/tevfsni.cluster100.hosting.ovh.net\/wp-content\/uploads\/2025\/11\/salon-melange-style1.webp 2000w\" sizes=\"auto, (max-width: 1024px) 100vw, 1024px\" \/><\/figure>\n\n\n\n<p class=\"has-text-align-center has-inter-font-family has-medium-font-size\"><a href=\"https:\/\/www.marieclaire.fr\/maison\/hotel-particulier-parisien-style-art-deco-transforme-par-la-decoratrice-bambi-sloan,1439683.asp\" target=\"_blank\" rel=\"noreferrer noopener\">https:\/\/www.marieclaire.fr\/maison\/hotel-particulier-parisien-style-art-deco-transforme-par-la-decoratrice-bambi-sloan,1439683.asp<\/a><\/p>\n\n\n\n<p class=\"has-text-align-center\" style=\"text-decoration:none\">&#8212;&#8212;&#8212;&#8212;&#8212;&#8212;&#8212;&#8212;&#8212;&#8212;&#8212;&#8212;&#8212;&#8212;&#8212;&#8212;&#8212;&#8212;&#8212;&#8212;&#8212;&#8212;&#8212;&#8212;&#8212;<\/p>\n\n\n\n<figure class=\"wp-block-image aligncenter size-large is-resized\"><img loading=\"lazy\" decoding=\"async\" width=\"1024\" height=\"682\" src=\"http:\/\/tevfsni.cluster100.hosting.ovh.net\/wp-content\/uploads\/2025\/11\/CT-0006-1024x682.jpg\" alt=\"\" class=\"wp-image-607\" style=\"width:400px;height:auto\" srcset=\"http:\/\/tevfsni.cluster100.hosting.ovh.net\/wp-content\/uploads\/2025\/11\/CT-0006-1024x682.jpg 1024w, http:\/\/tevfsni.cluster100.hosting.ovh.net\/wp-content\/uploads\/2025\/11\/CT-0006-300x200.jpg 300w, http:\/\/tevfsni.cluster100.hosting.ovh.net\/wp-content\/uploads\/2025\/11\/CT-0006-768x511.jpg 768w, http:\/\/tevfsni.cluster100.hosting.ovh.net\/wp-content\/uploads\/2025\/11\/CT-0006-1536x1022.jpg 1536w, http:\/\/tevfsni.cluster100.hosting.ovh.net\/wp-content\/uploads\/2025\/11\/CT-0006-2048x1363.jpg 2048w\" sizes=\"auto, (max-width: 1024px) 100vw, 1024px\" \/><\/figure>\n\n\n\n<p class=\"has-text-align-center has-inter-font-family has-medium-font-size\"><a href=\"https:\/\/www.lesclimats.fr\" target=\"_blank\" rel=\"noreferrer noopener\">https:\/\/www.lesclimats.fr<\/a><\/p>\n\n\n\n<p class=\"has-text-align-center\">&#8212;&#8212;&#8212;&#8212;&#8212;&#8212;&#8212;&#8212;&#8212;&#8212;&#8212;&#8212;&#8212;&#8212;&#8212;&#8212;&#8212;&#8212;&#8212;&#8212;&#8212;&#8212;&#8212;&#8212;&#8212;<\/p>\n\n\n\n<ul class=\"wp-block-list\">\n<li>Demeure londonienne, \u00ab\u00a0Marie Claire Maison\u00a0\u00bb n\u00b0520, octobre 2020<\/li>\n<\/ul>\n\n\n\n<p class=\"has-text-align-center\">&#8212;&#8212;&#8212;&#8212;&#8212;&#8212;&#8212;&#8212;&#8212;&#8212;&#8212;&#8212;&#8212;&#8212;&#8212;&#8212;&#8212;&#8212;&#8212;&#8212;&#8212;&#8212;&#8212;&#8212;&#8212;<\/p>\n\n\n\n<figure class=\"wp-block-image aligncenter size-full is-resized\"><img loading=\"lazy\" decoding=\"async\" width=\"275\" height=\"183\" src=\"http:\/\/tevfsni.cluster100.hosting.ovh.net\/wp-content\/uploads\/2025\/11\/telechargement.jpeg\" alt=\"\" class=\"wp-image-604\" style=\"width:379px;height:auto\"\/><\/figure>\n\n\n\n<p class=\"has-text-align-center has-inter-font-family has-medium-font-size\"><a href=\"https:\/\/www.lespilotes.fr\/fr\" target=\"_blank\" rel=\"noreferrer noopener\">https:\/\/www.lespilotes.fr\/fr<\/a><\/p>\n\n\n\n<p class=\"has-text-align-center\">&#8212;&#8212;&#8212;&#8212;&#8212;&#8212;&#8212;&#8212;&#8212;&#8212;&#8212;&#8212;&#8212;&#8212;&#8212;&#8212;&#8212;&#8212;&#8212;&#8212;&#8212;&#8212;&#8212;&#8212;&#8212;<\/p>\n\n\n\n<figure class=\"wp-block-image aligncenter size-full is-resized\"><img loading=\"lazy\" decoding=\"async\" width=\"720\" height=\"540\" src=\"http:\/\/tevfsni.cluster100.hosting.ovh.net\/wp-content\/uploads\/2025\/11\/img_0759.jpg.webp\" alt=\"\" class=\"wp-image-611\" style=\"width:396px;height:auto\" srcset=\"http:\/\/tevfsni.cluster100.hosting.ovh.net\/wp-content\/uploads\/2025\/11\/img_0759.jpg.webp 720w, http:\/\/tevfsni.cluster100.hosting.ovh.net\/wp-content\/uploads\/2025\/11\/img_0759.jpg-300x225.webp 300w\" sizes=\"auto, (max-width: 720px) 100vw, 720px\" \/><\/figure>\n\n\n\n<p class=\"has-text-align-center has-inter-font-family has-medium-font-size\"><a href=\"https:\/\/www.forbes.fr\/luxe\/lhotel-saint-james-la-vie-de-chateau-en-plein-coeur-de-paris\" target=\"_blank\" rel=\"noreferrer noopener\">https:\/\/www.forbes.fr\/luxe\/lhotel-saint-james-la-vie-de-chateau-en-plein-coeur-de-paris<\/a><\/p>\n\n\n\n<p class=\"has-text-align-center has-inter-font-family has-medium-font-size\"><a href=\"https:\/\/www.aufildescouleurs.com\/magazine\/art-deco-design\/112-le-st-james-et-bambi-sloan-une-decoratrice-singuliere-pour-un-hotel-tres-particulier?srsltid=AfmBOopMdlx6fw87vA6qDAd5C6wr_ZFas8nqPl0yDDH4VJydL8Wk1VPV\" target=\"_blank\" rel=\"noreferrer noopener\">https:\/\/www.aufildescouleurs.com\/magazine\/art-deco-design\/112-le-st-james-et-bambi-sloan-une-decoratrice-singuliere-pour-un-hotel-tres-particulier?srsltid=AfmBOopMdlx6fw87vA6qDAd5C6wr_ZFas8nqPl0yDDH4VJydL8Wk1VPV<\/a><\/p>\n\n\n\n<p class=\"has-text-align-center\">&#8212;&#8212;&#8212;&#8212;&#8212;&#8212;&#8212;&#8212;&#8212;&#8212;&#8212;&#8212;&#8212;&#8212;&#8212;&#8212;&#8212;&#8212;&#8212;&#8212;&#8212;&#8212;&#8212;&#8212;&#8212;<\/p>\n\n\n\n<figure class=\"wp-block-image aligncenter size-large is-resized\"><img loading=\"lazy\" decoding=\"async\" width=\"685\" height=\"1024\" src=\"http:\/\/tevfsni.cluster100.hosting.ovh.net\/wp-content\/uploads\/2025\/11\/image-685x1024.png\" alt=\"\" class=\"wp-image-601\" style=\"width:252px;height:auto\" srcset=\"http:\/\/tevfsni.cluster100.hosting.ovh.net\/wp-content\/uploads\/2025\/11\/image-685x1024.png 685w, http:\/\/tevfsni.cluster100.hosting.ovh.net\/wp-content\/uploads\/2025\/11\/image-201x300.png 201w, http:\/\/tevfsni.cluster100.hosting.ovh.net\/wp-content\/uploads\/2025\/11\/image-768x1148.png 768w, http:\/\/tevfsni.cluster100.hosting.ovh.net\/wp-content\/uploads\/2025\/11\/image-1028x1536.png 1028w, http:\/\/tevfsni.cluster100.hosting.ovh.net\/wp-content\/uploads\/2025\/11\/image-1371x2048.png 1371w, http:\/\/tevfsni.cluster100.hosting.ovh.net\/wp-content\/uploads\/2025\/11\/image-scaled.png 1713w\" sizes=\"auto, (max-width: 685px) 100vw, 685px\" \/><\/figure>\n\n\n\n<p class=\"has-text-align-center has-inter-font-family has-medium-font-size\"><a href=\"https:\/\/www.architecturaldigest.com\/gallery\/stefano-pilati-paris-duplex-apartment-slideshow\" target=\"_blank\" rel=\"noreferrer noopener\">https:\/\/www.architecturaldigest.com\/gallery\/stefano-pilati-paris-duplex-apartment-slideshow<\/a><\/p>\n\n\n\n<p class=\"has-text-align-center\">&#8212;&#8212;&#8212;&#8212;&#8212;&#8212;&#8212;&#8212;&#8212;&#8212;&#8212;&#8212;&#8212;&#8212;&#8212;&#8212;&#8212;&#8212;&#8212;&#8212;&#8212;&#8212;&#8212;&#8212;&#8212;<\/p>\n\n\n\n<figure data-wp-context=\"{&quot;imageId&quot;:&quot;69d1298f73585&quot;}\" data-wp-interactive=\"core\/image\" data-wp-key=\"69d1298f73585\" class=\"wp-block-image aligncenter size-full wp-lightbox-container\"><img loading=\"lazy\" decoding=\"async\" width=\"582\" height=\"839\" data-wp-class--hide=\"state.isContentHidden\" data-wp-class--show=\"state.isContentVisible\" data-wp-init=\"callbacks.setButtonStyles\" data-wp-on--click=\"actions.showLightbox\" data-wp-on--load=\"callbacks.setButtonStyles\" data-wp-on-window--resize=\"callbacks.setButtonStyles\" src=\"http:\/\/tevfsni.cluster100.hosting.ovh.net\/wp-content\/uploads\/2025\/11\/MJ-1-copie.jpg\" alt=\"\" class=\"wp-image-1092\" srcset=\"http:\/\/tevfsni.cluster100.hosting.ovh.net\/wp-content\/uploads\/2025\/11\/MJ-1-copie.jpg 582w, http:\/\/tevfsni.cluster100.hosting.ovh.net\/wp-content\/uploads\/2025\/11\/MJ-1-copie-208x300.jpg 208w\" sizes=\"auto, (max-width: 582px) 100vw, 582px\" \/><button\n\t\t\tclass=\"lightbox-trigger\"\n\t\t\ttype=\"button\"\n\t\t\taria-haspopup=\"dialog\"\n\t\t\taria-label=\"Agrandir\"\n\t\t\tdata-wp-init=\"callbacks.initTriggerButton\"\n\t\t\tdata-wp-on--click=\"actions.showLightbox\"\n\t\t\tdata-wp-style--right=\"state.imageButtonRight\"\n\t\t\tdata-wp-style--top=\"state.imageButtonTop\"\n\t\t>\n\t\t\t<svg xmlns=\"http:\/\/www.w3.org\/2000\/svg\" width=\"12\" height=\"12\" fill=\"none\" viewBox=\"0 0 12 12\">\n\t\t\t\t<path fill=\"#fff\" d=\"M2 0a2 2 0 0 0-2 2v2h1.5V2a.5.5 0 0 1 .5-.5h2V0H2Zm2 10.5H2a.5.5 0 0 1-.5-.5V8H0v2a2 2 0 0 0 2 2h2v-1.5ZM8 12v-1.5h2a.5.5 0 0 0 .5-.5V8H12v2a2 2 0 0 1-2 2H8Zm2-12a2 2 0 0 1 2 2v2h-1.5V2a.5.5 0 0 0-.5-.5H8V0h2Z\" \/>\n\t\t\t<\/svg>\n\t\t<\/button><\/figure>\n\n\n\n<p class=\"has-text-align-center\">&#8212;&#8212;&#8212;&#8212;&#8212;&#8212;&#8212;&#8212;&#8212;&#8212;&#8212;&#8212;&#8212;&#8212;&#8212;&#8212;&#8212;&#8212;&#8212;&#8212;&#8212;&#8212;&#8212;&#8212;&#8212;<\/p>\n\n\n\n<figure class=\"wp-block-image aligncenter size-full is-resized\"><img loading=\"lazy\" decoding=\"async\" width=\"264\" height=\"432\" src=\"http:\/\/tevfsni.cluster100.hosting.ovh.net\/wp-content\/uploads\/2025\/12\/les_architectes_de_la_liberte-114263-264-432.webp\" alt=\"\" class=\"wp-image-2073\" style=\"aspect-ratio:0.6111329551199236;width:141px;height:auto\" srcset=\"http:\/\/tevfsni.cluster100.hosting.ovh.net\/wp-content\/uploads\/2025\/12\/les_architectes_de_la_liberte-114263-264-432.webp 264w, http:\/\/tevfsni.cluster100.hosting.ovh.net\/wp-content\/uploads\/2025\/12\/les_architectes_de_la_liberte-114263-264-432-183x300.webp 183w\" sizes=\"auto, (max-width: 264px) 100vw, 264px\" \/><\/figure>\n\n\n\n<ul class=\"wp-block-list\">\n<li class=\"has-medium-font-size\">Fabrication de maquettes des Architectes de la libert\u00e9 pour l&rsquo;exposition bicentenaire de la R\u00e9volution Fran\u00e7aise, publication D\u00e9couverte Gallimard n\u00b047, 1988<br>&#8212;&#8212;&#8212;&#8212;&#8212;&#8212;&#8212;&#8212;&#8212;&#8212;&#8212;&#8212;&#8212;&#8212;&#8212;&#8212;&#8212;&#8212;&#8212;&#8212;&#8212;&#8212;&#8212;&#8212;&#8212;<\/li>\n\n\n\n<li class=\"has-inter-font-family has-medium-font-size\">Le patrimoine architectural australien, \u00ab\u00a0Vielles Maisons Fran\u00e7aises\u00a0\u00bb n\u00b0120, 1987<\/li>\n<\/ul>\n\n\n\n<p><\/p>\n","protected":false},"excerpt":{"rendered":"<p>Publications https:\/\/www.marieclaire.fr\/maison\/hotel-particulier-parisien-style-art-deco-transforme-par-la-decoratrice-bambi-sloan,1439683.asp &#8212;&#8212;&#8212;&#8212;&#8212;&#8212;&#8212;&#8212;&#8212;&#8212;&#8212;&#8212;&#8212;&#8212;&#8212;&#8212;&#8212;&#8212;&#8212;&#8212;&#8212;&#8212;&#8212;&#8212;&#8212; https:\/\/www.lesclimats.fr &#8212;&#8212;&#8212;&#8212;&#8212;&#8212;&#8212;&#8212;&#8212;&#8212;&#8212;&#8212;&#8212;&#8212;&#8212;&#8212;&#8212;&#8212;&#8212;&#8212;&#8212;&#8212;&#8212;&#8212;&#8212; &#8212;&#8212;&#8212;&#8212;&#8212;&#8212;&#8212;&#8212;&#8212;&#8212;&#8212;&#8212;&#8212;&#8212;&#8212;&#8212;&#8212;&#8212;&#8212;&#8212;&#8212;&#8212;&#8212;&#8212;&#8212; https:\/\/www.lespilotes.fr\/fr &#8212;&#8212;&#8212;&#8212;&#8212;&#8212;&#8212;&#8212;&#8212;&#8212;&#8212;&#8212;&#8212;&#8212;&#8212;&#8212;&#8212;&#8212;&#8212;&#8212;&#8212;&#8212;&#8212;&#8212;&#8212; https:\/\/www.forbes.fr\/luxe\/lhotel-saint-james-la-vie-de-chateau-en-plein-coeur-de-paris https:\/\/www.aufildescouleurs.com\/magazine\/art-deco-design\/112-le-st-james-et-bambi-sloan-une-decoratrice-singuliere-pour-un-hotel-tres-particulier?srsltid=AfmBOopMdlx6fw87vA6qDAd5C6wr_ZFas8nqPl0yDDH4VJydL8Wk1VPV &#8212;&#8212;&#8212;&#8212;&#8212;&#8212;&#8212;&#8212;&#8212;&#8212;&#8212;&#8212;&#8212;&#8212;&#8212;&#8212;&#8212;&#8212;&#8212;&#8212;&#8212;&#8212;&#8212;&#8212;&#8212; https:\/\/www.architecturaldigest.com\/gallery\/stefano-pilati-paris-duplex-apartment-slideshow &#8212;&#8212;&#8212;&#8212;&#8212;&#8212;&#8212;&#8212;&#8212;&#8212;&#8212;&#8212;&#8212;&#8212;&#8212;&#8212;&#8212;&#8212;&#8212;&#8212;&#8212;&#8212;&#8212;&#8212;&#8212; &#8212;&#8212;&#8212;&#8212;&#8212;&#8212;&#8212;&#8212;&#8212;&#8212;&#8212;&#8212;&#8212;&#8212;&#8212;&#8212;&#8212;&#8212;&#8212;&#8212;&#8212;&#8212;&#8212;&#8212;&#8212;<\/p>\n","protected":false},"author":1,"featured_media":0,"parent":0,"menu_order":0,"comment_status":"closed","ping_status":"closed","template":"","meta":{"footnotes":""},"class_list":["post-598","page","type-page","status-publish","hentry"],"_links":{"self":[{"href":"http:\/\/tevfsni.cluster100.hosting.ovh.net\/wp-json\/wp\/v2\/pages\/598","targetHints":{"allow":["GET"]}}],"collection":[{"href":"http:\/\/tevfsni.cluster100.hosting.ovh.net\/wp-json\/wp\/v2\/pages"}],"about":[{"href":"http:\/\/tevfsni.cluster100.hosting.ovh.net\/wp-json\/wp\/v2\/types\/page"}],"author":[{"embeddable":true,"href":"http:\/\/tevfsni.cluster100.hosting.ovh.net\/wp-json\/wp\/v2\/users\/1"}],"replies":[{"embeddable":true,"href":"http:\/\/tevfsni.cluster100.hosting.ovh.net\/wp-json\/wp\/v2\/comments?post=598"}],"version-history":[{"count":29,"href":"http:\/\/tevfsni.cluster100.hosting.ovh.net\/wp-json\/wp\/v2\/pages\/598\/revisions"}],"predecessor-version":[{"id":2478,"href":"http:\/\/tevfsni.cluster100.hosting.ovh.net\/wp-json\/wp\/v2\/pages\/598\/revisions\/2478"}],"wp:attachment":[{"href":"http:\/\/tevfsni.cluster100.hosting.ovh.net\/wp-json\/wp\/v2\/media?parent=598"}],"curies":[{"name":"wp","href":"https:\/\/api.w.org\/{rel}","templated":true}]}}